{"id":395,"date":"2018-05-09T15:51:22","date_gmt":"2018-05-09T15:51:22","guid":{"rendered":"http:\/\/medistar-tipps-und-tricks.doc-koeber.de\/?page_id=395"},"modified":"2018-06-03T12:24:24","modified_gmt":"2018-06-03T12:24:24","slug":"datenschutz","status":"publish","type":"page","link":"http:\/\/medistar-tipps-und-tricks.doc-koeber.de\/?page_id=395","title":{"rendered":"Datenschutz"},"content":{"rendered":"<h2 style=\"text-align: justify;\">Informationen \u00fcber die Erhebung personenbezogener Daten auf unserer Homepage \/ Datenschutzerkl\u00e4rung<\/h2>\n<p class=\"disclaimer\" style=\"text-align: justify;\">Sehr geehrte Besucherin, sehr geehrter Besucher unserer Homepage,<br \/>\nwir m\u00f6chten Sie dar\u00fcber informieren, dass beim Besuch unserer Homepage personenbezogene Daten erhoben werden. Personenbezogen sind Daten, die auf Sie pers\u00f6nlich beziehbar sind (z. B. Name, E-Mail, Nutzerverhalten).<\/p>\n<h3 style=\"text-align: justify;\">Verantwortlich f\u00fcr die Erhebung und Speicherung der Daten ist:<\/h3>\n<p id=\"userData\" style=\"text-align: justify;\">Medistar &#8211; Tipps und Tricks<br \/>\nDr. Carsten K\u00f6ber<br \/>\nCronbergstra\u00dfe 5<br \/>\n97980 Bad Mergentheim<br \/>\n07931\/964960<br \/>\n07931\/9649699<br \/>\nmedistar@doc-koeber.de<\/p>\n<p style=\"text-align: justify;\">Unsere Homepage dient ausschlie\u00dflich der Bereitstellung von Informationen \u00fcber das Arztinformationssystem Medistar sowie damit in Beziehung stehende Software- und Hardwarekomponenten.<br \/>\nBeim Besuch&nbsp;der Homepage werden nur die Daten erhoben, die von Ihrem Browser an unseren Server \u00fcbermittelt werden. Diese Daten sind notwendig, damit Sie unsere Homepage angezeigt bekommen und auf ihr navigieren k\u00f6nnen.&nbsp;Rechtsgrundlage f\u00fcr die Erhebung der Daten ist Art. 6 Abs. 1 f) EU-Datenschutz-Grundverordnung.&nbsp;<br \/>\nIm Einzelnen werden folgende Daten bei Ihrem Besuch unserer Homepage erhoben:<\/p>\n<ul style=\"text-align: justify;\">\n<li>IP-Adresse<\/li>\n<li>Art des Browsers, sowie dessen Sprache und Version<\/li>\n<li>Betriebssystem<\/li>\n<li>Zugriffstatus\/http-Statuscode<\/li>\n<li>Datum und Uhrzeit der Anfrage, sowie die Zeitzone<\/li>\n<li>Inhalt der Anforderung und Homepage, von der sie kommt<\/li>\n<li>\u00dcbertragene Datenmenge<\/li>\n<\/ul>\n<p style=\"text-align: justify;\">Die L\u00f6schung dieser Daten erfolgt, wenn diese nicht mehr erforderlich sind.&nbsp;Ferner steht Ihnen ein Beschwerderecht beim f\u00fcr Sie zust\u00e4ndigen Landesbeauftragten f\u00fcr Datenschutz und Informationssicherheit des Bundeslandes <span id=\"userFederalState\">Baden-W\u00fcrttemberg<\/span><br \/>\nzu.<\/p>\n<h2 style=\"text-align: justify;\">Ihre Rechte hinsichtlich der bei uns \u00fcber Sie gespeicherten Daten<\/h2>\n<p style=\"text-align: justify;\">Sie haben uns gegen\u00fcber folgende Rechte:<\/p>\n<ul style=\"text-align: justify;\">\n<li>Recht auf Berichtigung und L\u00f6schung<\/li>\n<li>Recht auf Daten\u00fcbertragbarkeit<\/li>\n<li>Recht auf Einschr\u00e4nkung der Verarbeitung<\/li>\n<li>Recht auf Auskunft<\/li>\n<li>Recht auf Widerspruch gegen die Verarbeitung<\/li>\n<\/ul>\n<p style=\"text-align: justify;\">Sie erhalten jederzeit unentgeltlich Auskunft \u00fcber die von uns gespeicherten personenbezogenen Daten<br \/>\nzu Ihrer Person sowie zur Herkunft, dem Empf\u00e4nger und dem Zweck von Datenerhebung sowie Datenverarbeitung.<\/p>\n<p style=\"text-align: justify;\">Au\u00dferdem haben Sie das Recht, die Berichtigung, die Sperrung oder L\u00f6schung Ihrer Daten zu verlangen.<br \/>\nDamit eine Datensperre jederzeit realisiert werden kann, werden Daten zu Kontrollzwecken in einer internen Sperrdatei vorgehalten.&nbsp;Wir&nbsp;l\u00f6schen Ihre Daten auf Ihren Wunsch.<br \/>\nGreift die Archivierungspflicht, sperren wir Ihre Daten. F\u00fcr alle Fragen und Anliegen zur Berichtigung, Sperrung oder&nbsp;L\u00f6schung von personenbezogenen Daten wenden Sie sich bitte an die oben genannten Kontaktpersonen unter den Kontaktdaten in dieser Datenschutzerkl\u00e4rung.&nbsp;<\/p>\n<h3 style=\"text-align: justify;\">Cookies<\/h3>\n<p style=\"text-align: justify;\">Zus\u00e4tzlich zu diesen Daten nutzen wir \u00fcber unsere Homepage auch Cookies.&nbsp;Dies sind kleine Textdateien, die nach Besuch unserer Homepage auf Ihrem Rechner (in Ihrem Browser) gespeichert werden.&nbsp;Sollten Sie unsere Homepage danach erneut besuchen, so sendet der von Ihnen genutzte Browser die in dem Cookie gespeicherten Informationen an unsere Homepage und kann ihnen so bspw.<br \/>\ndie Navigation erleichtern, weil Voreinstellungen \u00fcbernommen werden.<br \/>\nCookies sind keine Viren und k\u00f6nnen auch keine Schadsoftware oder Spionageprogramme auf dem Computer installieren.&nbsp;Sie sind kurze Texte, die zwischen Webserver und Browser ausgetauscht werden.<br \/>\nAuf unserer Homepage werden folgende Arten von Cookies verwendet:<\/p>\n<h4 style=\"text-align: justify;\">Transiente Cookies (tempor\u00e4re Cookies)<\/h4>\n<p style=\"text-align: justify;\">Diese Cookies werden nur f\u00fcr den Zeitraum der Nutzung Ihres Browsers gespeichert.&nbsp;Diese speichern eine sogenannte Session-ID, mit welcher sich verschiedene Anfragen Ihres Browsers der gemeinsamen Sitzung zuordnen lassen. Dadurch kann Ihr Rechner wiedererkannt werden, wenn Sie auf die Homepage zur\u00fcckkehren. Sobald Sie den Browser schlie\u00dfen, werden auch diese Cookies automatisch gel\u00f6scht.<\/p>\n<h4 style=\"text-align: justify;\">Persistente Cookies (zeitlich beschr\u00e4nkte Cookies)<\/h4>\n<p style=\"text-align: justify;\">Diese Cookies unterscheiden sich von den Transienten Cookies lediglich dadurch,&nbsp;dass sie beim Schlie\u00dfen des Browsers nicht automatisch gel\u00f6scht werden,&nbsp;sondern erst nach einer voreingestellten Zeit.&nbsp;Sie k\u00f6nnen diese Cookies jedoch jederzeit \u00fcber die Einstellungen ihres Browsers l\u00f6schen. Sie k\u00f6nnen unsere Homepage auch ohne den Einsatz von Cookies nutzen, wodurch m\u00f6glicherweise einige Darstellungen und Funktionen unseres Angebots nur eingeschr\u00e4nkt arbeiten. Wenn Sie die Cookies deaktivieren m\u00f6chten, k\u00f6nnen Sie das \u00fcber spezielle Einstellungen Ihres Browsers erreichen.&nbsp;<br \/>\nNutzen Sie dazu am besten die Hilfefunktion Ihres Browsers, um die entsprechenden \u00c4nderungen vorzunehmen.&nbsp;<\/p>\n<h3 style=\"text-align: justify;\">Kontaktformular \/ E-Mail-Kontakt<\/h3>\n<p style=\"text-align: justify;\">Wenn Sie uns per&nbsp;Kommentarformular&nbsp;auf unserer Homepage Eintr\u00e4ge zukommen lassen,&nbsp;werden die von Ihnen mitgeteilten Daten (E-Mail-Adresse, Name, etc.) gespeichert und der angegebene Name im Blgobeitrag ver\u00f6ffentlicht.&nbsp;<br \/>\nDiese Daten werden gel\u00f6scht, sobald sie nicht mehr ben\u00f6tigt werden und keine gesetzlichen Aufbewahrungspflichten bestehen.&nbsp;Dritten werden diese Daten au\u00dfer dem von Ihnen zur Ver\u00f6ffentlichung freigegebenen Blogbeitrag\/Kommentar nicht zug\u00e4nglich gemacht. Bitte beachten Sie, dass wir Ihre Daten aus dem Kontaktformular per E-Mail erhalten.&nbsp;&nbsp;<br \/>\nEDV-Experten pflegen oft an den Grundsatz zu erinnern, dass Sie das,&nbsp;was Sie nicht als Postkarte versenden w\u00fcrden, auch nicht per E-Mail versenden sollten.&nbsp;Senden Sie uns daher bitte keinen vertraulichen Angaben \/ Daten per E-Mail oder \u00fcber das Kontaktformular der Homepage,&nbsp;sondern w\u00e4hlen Sie daf\u00fcr besser den Postweg oder das Telefon. Bitte haben Sie Verst\u00e4ndnis daf\u00fcr,&nbsp;dass wir f\u00fcr unverlangt zugesendete Daten \/ E-Mails jede Haftung ablehnen.<\/p>\n<h3 style=\"text-align: justify;\">Erhebung von Zugriffsdaten \/ Server Logfiles<\/h3>\n<p style=\"text-align: justify;\">Die Auslieferung und Darstellung der Inhalte \u00fcber unsere Homepage erfordert technisch die Erfassung bestimmter Daten.&nbsp;Mit Ihrem Zugriff auf unsere Homepage werden diese sogenannten Server-Logfiles durch uns oder den Provider des Webspace erfasst.&nbsp;Die entsprechenden Informationen bestehen aus dem Namen der Homepage, der Datei, dem aktuellen Datum, der Datenmenge,&nbsp;dem Webbrowser und seiner Version, dem eingesetzten Betriebssystem, dem Domain-Namen Ihres Internet-Providers, der Referrer-URL als jene Seite, von der Sie auf unsere Seite gewechselt sind, sowie der entsprechenden IP-Adresse. Diese Logfiles erlauben keinen R\u00fcckschluss auf Sie und Ihre Person.&nbsp;<\/p>\n<p style=\"text-align: justify;\">Wir nutzen diese Daten zur Darstellung und Auslieferung unserer Inhalte sowie zu statistischen Zwecken. Die Informationen unterst\u00fctzen die Bereitstellung und st\u00e4ndige Verbesserung unseres Angebots. Auch behalten wir uns vor, die erw\u00e4hnten Daten nachtr\u00e4glich zu pr\u00fcfen, sollte der Verdacht auf eine rechtswidrige Nutzung unseres Angebotes bestehen.<\/p>\n<h3 style=\"text-align: justify;\">Google Analytics<\/h3>\n<p style=\"text-align: justify;\">Wir nutzen auf unserer Homepage Google Analytics. Google Analytics ist ein Webanalysedienst der Google Inc..&nbsp;Google verwendet Cookies. Die mittels Cookies erzeugten Informationen \u00fcber die Nutzung der Homepage werden in der Regel an einen Server von Google in den USA \u00fcbertragen und dort gespeichert. Google nutzt diese Informationen in unserem Auftrag, um die Nutzung unseres Onlineangebotes auszuwerten und um weitere mit der Nutzung dieses Onlineangebotes und der Internetnutzung verbundene Dienstleistungen uns gegen\u00fcber zu erbringen.&nbsp;<br \/>\nWir haben Google Analytics um den Code \u201eanonymizeIP\u201c erweitert. Das bedeutet, dass die IP-Adresse der Nutzer von Google innerhalb von Mitgliedstaaten der Europ\u00e4ischen Union&nbsp;oder in anderen Vertragsstaaten des Abkommens \u00fcber den Europ\u00e4ischen Wirtschaftsraum gek\u00fcrzt wird.&nbsp;In Ausnahmef\u00e4llen wird die volle IP-Adresse an einen Server von Google in den USA \u00fcbertragen und dort gek\u00fcrzt. Durch die Code Erweiterung \u201eanonymizeIp\u201c werden die letzten 8bit der IP-Adresse der Nutzer gekappt. Durch den Einsatz dieses Codes ist nur noch eine grobe Lokalisierung der Nutzer m\u00f6glich.<br \/>\nDie von dem Browser des Nutzers \u00fcbermittelte IP-Adresse wird nicht mit anderen Daten von Google zusammengef\u00fchrt.&nbsp;<\/p>\n<p style=\"text-align: justify;\">Die Speicherung der Cookies k\u00f6nnen Sie durch eine entsprechende Einstellung ihrer Browser-Software verhindern. Eventuell k\u00f6nnen dann nicht s\u00e4mtliche Funktionen der Homepage vollumf\u00e4nglich genutzt werden. Au\u00dferdem k\u00f6nnen Sie die Erfassung der durch das Cookie erzeugten und auf Ihre Nutzung des Onlineangebotes bezogenen Daten an Google sowie die Verarbeitung dieser Daten durch Google verhindern, indem Sie das unter dem folgenden Link verf\u00fcgbare Browser-Plug-In herunterladen und installieren:<br \/>\n<a href=\"http:\/\/tools.google.com\/dlpage\/gaoptout?hl=de\" target=\"_blank\" rel=\"noopener noreferrer\">http:\/\/tools.google.com\/dlpage\/gaoptout?hl=de<\/a><br \/>\nM\u00f6glich ist auch das Setzen eines Opt-Out-Cookie, das die zuk\u00fcnftige Erfassung Ihrer Daten beim Besuch unserer Homepage verhindert.&nbsp;Hinweise zur Einbindung eines Opt-Out-Cookies finden Sie unter:<br \/>\n<a href=\"http:\/\/developers.google.com\/analytics\/devguides\/collection\/gajs\/?hl=de#disable\" target=\"_blank\" rel=\"noopener noreferrer\">http:\/\/developers.google.com\/analytics\/devguides\/collection\/gajs\/?hl=de#disable<\/a><br \/>\nWeitere Informationen zur Datennutzung durch Google, Einstellungen und Widerspruchsm\u00f6glichkeiten erhalten Sie auf den Webseiten&nbsp;von Google (\u201eDatennutzung durch Google bei Ihrer Nutzung von Homepages oder Apps unserer Partner\u201c):<br \/>\n<a href=\"https:\/\/www.google.com\/intl\/de\/policies\/privacy\/partners\/ \" target=\"_blank\" rel=\"noopener noreferrer\">https:\/\/www.google.com\/intl\/de\/policies\/privacy\/partners\/<\/a><br \/>\nDie Datenschutzerkl\u00e4rung und Nutzungsbedingungen von Google finden Sie unter:<br \/>\n<a href=\"http:\/\/www.google.com\/policies\/technologies\/ads\" target=\"_blank\" rel=\"noopener noreferrer\">http:\/\/www.google.com\/policies\/technologies\/ads<\/a>&nbsp;(\u201eWerbung\u201c).<br \/>\nErfahren Sie mehr zu den Datenschutzbedingungen von Google und Google Analytics unter:<br \/>\n<a href=\"http:\/\/www.google.com\/analytics\/terms\/de.html\" target=\"_blank\" rel=\"noopener noreferrer\">http:\/\/www.google.com\/analytics\/terms\/de.html<\/a>&nbsp;oder unter <a href=\"https:\/\/www.google.de\/intl\/de\/policies\/\" target=\"_blank\" rel=\"noopener noreferrer\">https:\/\/www.google.de\/intl\/de\/policies\/<\/a><\/p>\n<h3>Verwendung von Google Webfonts<\/h3>\n<p style=\"text-align: justify;\">Zu einer optimierten Darstellung unserer Inhalte werden teilweise Google Webfonts&nbsp; (Schriftarten;&nbsp;<a href=\"http:\/\/www.google.com\/webfonts\/\" target=\"_blank\" rel=\"noopener noreferrer\">http:\/\/www.google.com\/webfonts\/<\/a>) verwendet. Diese Schriftarten werden beim Aufruf der Seiten in den Browsercache-Speicher \u00fcbertragen, um sie anzeigen zu k\u00f6nnen. Falls der Browser dies nicht unterst\u00fctzt werden Standardschriften angezeigt.&nbsp; Im Zusammenhang mit dem Seitenaufruf erhobene Daten werden auf ressourcenspezifische Domains von Google (fonts.googleapis.com oder fonts.gstatic.com) gesendet. Die Daten&nbsp;werden nicht mit Daten in Verbindung gebracht, die ggf. im Zusammenhang mit der parallelen Nutzung von authentifizierten Google-Diensten wie Gmail erhoben oder genutzt werden.&nbsp;Browser k\u00f6nnen i.d.R. so eingestellt oder per Plugin konfiguriert werden, dass Schriften nicht von den Google-Servern geladen werden kann.<\/p>\n<p style=\"text-align: justify;\">Informationen zu den Datenschutzbedingungen von Google Webfonts erhalten Sie unter:<br \/>\n<a href=\"https:\/\/developers.google.com\/fonts\/faq?hl=de-DE&amp;csw=1\">https:\/\/developers.google.com\/fonts\/faq?hl=de-DE&amp;csw=1<\/a><br \/>\nAllgemeine Datenschutzhinweise von Google finden Sie hier:<br \/>\n<a class=\"text\" href=\"https:\/\/www.google.com\/policies\/privacy\/\" target=\"_blank\" rel=\"nofollow noopener noreferrer\">www.google.com\/policies\/privacy\/<\/a><\/p>\n<p class=\"disclaimer\" style=\"text-align: justify;\">Diese Datenschutzerkl\u00e4rung wurde erstellt mit freundlicher Unterst\u00fctzung von <a href=\"https:\/\/www.arzt-datenschutz.de\" target=\"_blank\" rel=\"noopener noreferrer\">www.arzt-datenschutz.de<\/a>.<\/p>\n","protected":false},"excerpt":{"rendered":"<p>Informationen \u00fcber die Erhebung personenbezogener Daten auf unserer Homepage \/ Datenschutzerkl\u00e4rung Sehr geehrte Besucherin, sehr geehrter Besucher unserer Homepage, wir m\u00f6chten Sie dar\u00fcber informieren, dass beim Besuch unserer Homepage personenbezogene Daten erhoben werden. Personenbezogen sind Daten, die auf Sie pers\u00f6nlich<\/p>\n","protected":false},"author":1,"featured_media":0,"parent":0,"menu_order":0,"comment_status":"closed","ping_status":"closed","template":"","meta":{"ngg_post_thumbnail":0},"_links":{"self":[{"href":"http:\/\/medistar-tipps-und-tricks.doc-koeber.de\/index.php?rest_route=\/wp\/v2\/pages\/395"}],"collection":[{"href":"http:\/\/medistar-tipps-und-tricks.doc-koeber.de\/index.php?rest_route=\/wp\/v2\/pages"}],"about":[{"href":"http:\/\/medistar-tipps-und-tricks.doc-koeber.de\/index.php?rest_route=\/wp\/v2\/types\/page"}],"author":[{"embeddable":true,"href":"http:\/\/medistar-tipps-und-tricks.doc-koeber.de\/index.php?rest_route=\/wp\/v2\/users\/1"}],"replies":[{"embeddable":true,"href":"http:\/\/medistar-tipps-und-tricks.doc-koeber.de\/index.php?rest_route=%2Fwp%2Fv2%2Fcomments&post=395"}],"version-history":[{"count":4,"href":"http:\/\/medistar-tipps-und-tricks.doc-koeber.de\/index.php?rest_route=\/wp\/v2\/pages\/395\/revisions"}],"predecessor-version":[{"id":405,"href":"http:\/\/medistar-tipps-und-tricks.doc-koeber.de\/index.php?rest_route=\/wp\/v2\/pages\/395\/revisions\/405"}],"wp:attachment":[{"href":"http:\/\/medistar-tipps-und-tricks.doc-koeber.de\/index.php?rest_route=%2Fwp%2Fv2%2Fmedia&parent=395"}],"curies":[{"name":"wp","href":"https:\/\/api.w.org\/{rel}","templated":true}]}}